{"id":87,"date":"2020-02-25T14:49:57","date_gmt":"2020-02-25T13:49:57","guid":{"rendered":"http:\/\/amandinesergeant.be\/?page_id=87"},"modified":"2021-07-08T22:29:24","modified_gmt":"2021-07-08T20:29:24","slug":"qui-suis-je-2","status":"publish","type":"page","link":"https:\/\/amandinesergeant.be\/index.php\/qui-suis-je-2\/","title":{"rendered":"Qui suis-je ?"},"content":{"rendered":"\n<p>Dipl\u00f4m\u00e9e en sciences psychologiques et de l&#8217;\u00e9ducation, j&#8217;ai un num\u00e9ro de Visa pour exercer en tant que <strong>psychologue clinicienne<\/strong>. Je suis \u00e9galement <strong>reconnue par la Commission des Psychologues<\/strong> et dispose d&#8217;un <strong>num\u00e9ro d&#8217;agr\u00e9ment<\/strong>. Cela signifie que vous pouvez b\u00e9n\u00e9ficier d&#8217;un remboursement partiel du rendez-vous aupr\u00e8s de votre mutuelle. N&#8217;h\u00e9sitez pas \u00e0 leur demander de plus amples informations sur les documents \u00e0 leur remettre. <\/p>\n\n\n\n<p>A mes yeux, il est essentiel de continuer \u00e0 me former afin de pouvoir accompagner, du mieux possible, les personnes venant me consulter. Je continue donc \u00e0 suivre diff\u00e9rents <strong>formations courtes et longues<\/strong>, \u00e0 <strong>lire<\/strong> de nombreux ouvrages et \u00e0 participer \u00e0 des <strong>conf\u00e9rences<\/strong> et des <strong>colloques<\/strong> sur diverses th\u00e9matiques. <\/p>\n\n\n\n<p>J&#8217;ai \u00e9galement une <strong>supervision individuelle<\/strong>, deux <strong>supervisions d&#8217;\u00e9quipe<\/strong> et<strong> <\/strong>plusieurs <strong>intervisions<\/strong> avec des coll\u00e8gues psychologues. <\/p>\n","protected":false},"excerpt":{"rendered":"<p>Dipl\u00f4m\u00e9e en sciences psychologiques et de l&#8217;\u00e9ducation, j&#8217;ai un num\u00e9ro de Visa pour exercer en tant que psychologue clinicienne. Je suis \u00e9galement reconnue par la Commission des Psychologues et dispose d&#8217;un num\u00e9ro d&#8217;agr\u00e9ment. Cela signifie que vous pouvez b\u00e9n\u00e9ficier d&#8217;un remboursement partiel du rendez-vous aupr\u00e8s [&hellip;]<\/p>\n","protected":false},"author":1,"featured_media":0,"parent":0,"menu_order":0,"comment_status":"closed","ping_status":"closed","template":"","meta":{"footnotes":""},"class_list":["post-87","page","type-page","status-publish","hentry"],"_links":{"self":[{"href":"https:\/\/amandinesergeant.be\/index.php\/wp-json\/wp\/v2\/pages\/87","targetHints":{"allow":["GET"]}}],"collection":[{"href":"https:\/\/amandinesergeant.be\/index.php\/wp-json\/wp\/v2\/pages"}],"about":[{"href":"https:\/\/amandinesergeant.be\/index.php\/wp-json\/wp\/v2\/types\/page"}],"author":[{"embeddable":true,"href":"https:\/\/amandinesergeant.be\/index.php\/wp-json\/wp\/v2\/users\/1"}],"replies":[{"embeddable":true,"href":"https:\/\/amandinesergeant.be\/index.php\/wp-json\/wp\/v2\/comments?post=87"}],"version-history":[{"count":7,"href":"https:\/\/amandinesergeant.be\/index.php\/wp-json\/wp\/v2\/pages\/87\/revisions"}],"predecessor-version":[{"id":492,"href":"https:\/\/amandinesergeant.be\/index.php\/wp-json\/wp\/v2\/pages\/87\/revisions\/492"}],"wp:attachment":[{"href":"https:\/\/amandinesergeant.be\/index.php\/wp-json\/wp\/v2\/media?parent=87"}],"curies":[{"name":"wp","href":"https:\/\/api.w.org\/{rel}","templated":true}]}}