{"id":20,"date":"2020-02-22T14:56:03","date_gmt":"2020-02-22T13:56:03","guid":{"rendered":"http:\/\/amandinesergeant.be\/?page_id=20"},"modified":"2021-12-25T18:07:03","modified_gmt":"2021-12-25T17:07:03","slug":"contact","status":"publish","type":"page","link":"https:\/\/amandinesergeant.be\/index.php\/contact\/","title":{"rendered":"Contact"},"content":{"rendered":"\n<p>Pour prendre un rendez-vous, vous pouvez soit me contacter par t\u00e9l\u00e9phone au 0477 56 54 50 et nous t\u00e2cherons ensemble de fixer une date pour un premier rendez-vous ; soit cliquer sur le bouton &#8220;Prendre rendez-vous&#8221; ci-dessous et suivre les diff\u00e9rentes \u00e9tapes.<\/p>\n\n\n\n<p>Je me ferai un plaisir de faire votre connaissance et de vous accompagner sur un bout de votre chemin. <\/p>\n\n\n\n<div class=\"wp-block-button aligncenter\"><a class=\"wp-block-button__link\" href=\"https:\/\/agenda.mobminder.com\/amandinesergeantpsychologue\">Prendre rendez-vous<\/a><\/div>\n\n\n\n<p><\/p>\n","protected":false},"excerpt":{"rendered":"<p>Pour prendre un rendez-vous, vous pouvez soit me contacter par t\u00e9l\u00e9phone au 0477 56 54 50 et nous t\u00e2cherons ensemble de fixer une date pour un premier rendez-vous ; soit cliquer sur le bouton &#8220;Prendre rendez-vous&#8221; ci-dessous et suivre les diff\u00e9rentes \u00e9tapes. Je me ferai [&hellip;]<\/p>\n","protected":false},"author":1,"featured_media":0,"parent":0,"menu_order":0,"comment_status":"closed","ping_status":"closed","template":"","meta":{"footnotes":""},"class_list":["post-20","page","type-page","status-publish","hentry"],"_links":{"self":[{"href":"https:\/\/amandinesergeant.be\/index.php\/wp-json\/wp\/v2\/pages\/20","targetHints":{"allow":["GET"]}}],"collection":[{"href":"https:\/\/amandinesergeant.be\/index.php\/wp-json\/wp\/v2\/pages"}],"about":[{"href":"https:\/\/amandinesergeant.be\/index.php\/wp-json\/wp\/v2\/types\/page"}],"author":[{"embeddable":true,"href":"https:\/\/amandinesergeant.be\/index.php\/wp-json\/wp\/v2\/users\/1"}],"replies":[{"embeddable":true,"href":"https:\/\/amandinesergeant.be\/index.php\/wp-json\/wp\/v2\/comments?post=20"}],"version-history":[{"count":7,"href":"https:\/\/amandinesergeant.be\/index.php\/wp-json\/wp\/v2\/pages\/20\/revisions"}],"predecessor-version":[{"id":726,"href":"https:\/\/amandinesergeant.be\/index.php\/wp-json\/wp\/v2\/pages\/20\/revisions\/726"}],"wp:attachment":[{"href":"https:\/\/amandinesergeant.be\/index.php\/wp-json\/wp\/v2\/media?parent=20"}],"curies":[{"name":"wp","href":"https:\/\/api.w.org\/{rel}","templated":true}]}}