{"id":12,"date":"2020-02-22T14:53:03","date_gmt":"2020-02-22T13:53:03","guid":{"rendered":"http:\/\/amandinesergeant.be\/?page_id=12"},"modified":"2023-10-04T23:07:46","modified_gmt":"2023-10-04T21:07:46","slug":"qui-suis-je","status":"publish","type":"page","link":"https:\/\/amandinesergeant.be\/index.php\/qui-suis-je\/","title":{"rendered":"Mes formations"},"content":{"rendered":"\n<p class=\"has-text-align-center\"><strong>Master en Sciences Psychologiques et de l&#8217;\u00c9ducation, UCL<\/strong><\/p>\n\n\n\n<ul class=\"wp-block-list\"><li>Enn\u00e9agramme des processus &#8211; Enn\u00e9Alpes, Halin-Pr\u00e9mont Enneagram Institute<\/li><li>Formateur de groupe en Enn\u00e9agramme, Halin-Pr\u00e9mont Enneagram Institute<\/li><li>Coaching de r\u00e9solution de probl\u00e8mes, Halin-Pr\u00e9mont Enneagram Institute<\/li><li>Certification \u00e0 l&#8217;Enn\u00e9agramme \u00e9volutif, Halin-Pr\u00e9mont Enneagram Institute<\/li><li>Certification &#8220;Devenir profiler&#8221; &#8211; HPJI (\u00e9quivalent du MBTI), Halin-Pr\u00e9mont Enneagram Institute.<\/li><li>Initiation \u00e0 la Pleine Conscience : cycle de 8 semaines (MBSR), C. Maskens <\/li><\/ul>\n\n\n\n<p style=\"color:#f299b2\" class=\"has-text-color has-medium-font-size\">Difficult\u00e9s scolaires et d\u00e9crochage<\/p>\n\n\n\n<ul class=\"wp-block-list\"><li>Accompagnement du jeune en d\u00e9crochage et\/ou difficult\u00e9s scolaires (niveau 1 et 2), APsy-UCL<\/li><li>Coaching scolaire pour accompagner les jeunes du secondaire, S. Pourtois   <\/li><li>Strat\u00e9gies pour motiver les jeunes \u00e0 d\u00e9velopper leur potentiel, Psycho\u00e9ducation<\/li><li>Droit scolaire, Jeunesse &amp; Droit ASBL<\/li><li>Droits de l&#8217;\u00e9tudiant dans l&#8217;enseignement sup\u00e9rieur, Jeunesse &amp; Droit ASBL<\/li><\/ul>\n\n\n\n<p style=\"color:#f299b2\" class=\"has-text-color has-medium-font-size\">Harc\u00e8lement<\/p>\n\n\n\n<ul class=\"wp-block-list\"><li>Arr\u00eat du harc\u00e8lement, E. Piquet<\/li><li>Harc\u00e8lement entre jeunes : pr\u00e9vention et intervention, Universit\u00e9 de Paix<\/li><\/ul>\n\n\n\n<p style=\"color:#f299b2\" class=\"has-text-color has-medium-font-size\">Orientation<strong> <\/strong>scolaire et professionnelle<\/p>\n\n\n\n<ul class=\"wp-block-list\"><li>Certification &#8220;Devenir expert en orientation&#8221;, Halin-Pr\u00e9mont Enneagram Institute<\/li><li>Les outils de la (r\u00e9)orientation professionnelle,  F. Weytens <\/li><li>Nouveau regard sur le bilan d&#8217;orientation scolaire et professionnelle, S. Gizzi et P. Mar\u00e9chal<\/li><\/ul>\n\n\n\n<p style=\"color:#f299b2\" class=\"has-text-color has-medium-font-size\">\u00c9puisement professionnel<\/p>\n\n\n\n<ul class=\"wp-block-list\"><li>Des outils pour accompagner le burnout, F. Weytens<\/li><li>Bilan de comp\u00e9tences, CFIP <\/li><li>Intelligence \u00e9motionnelle et PNL, M. Devilliers <\/li><\/ul>\n\n\n\n<p style=\"color:#f299b2\" class=\"has-text-color has-medium-font-size\">Autres<\/p>\n\n\n\n<ul class=\"wp-block-list\"><li>Comprendre, diagnostiquer et traiter le burnout parental, Training Institute for Psychology and Health<\/li><li>Bien-\u00eatre dans l&#8217;habitat, Fiona Beekens<\/li><li>EnneaFlow, Halin-Pr\u00e9mont Enneagram Institute<\/li><li>Animateur en Education \u00e0 la vie relationnelle, affective et sexuelle, Ecole des Parents et des \u00c9ducateurs<\/li><li>Brevet d&#8217;animateur en Centre de Vacances, Les Scouts <\/li><\/ul>\n","protected":false},"excerpt":{"rendered":"<p>Master en Sciences Psychologiques et de l&#8217;\u00c9ducation, UCL Enn\u00e9agramme des processus &#8211; Enn\u00e9Alpes, Halin-Pr\u00e9mont Enneagram Institute Formateur de groupe en Enn\u00e9agramme, Halin-Pr\u00e9mont Enneagram Institute Coaching de r\u00e9solution de probl\u00e8mes, Halin-Pr\u00e9mont Enneagram Institute Certification \u00e0 l&#8217;Enn\u00e9agramme \u00e9volutif, Halin-Pr\u00e9mont Enneagram Institute Certification &#8220;Devenir profiler&#8221; &#8211; HPJI (\u00e9quivalent [&hellip;]<\/p>\n","protected":false},"author":1,"featured_media":0,"parent":0,"menu_order":0,"comment_status":"closed","ping_status":"closed","template":"","meta":{"footnotes":""},"class_list":["post-12","page","type-page","status-publish","hentry"],"_links":{"self":[{"href":"https:\/\/amandinesergeant.be\/index.php\/wp-json\/wp\/v2\/pages\/12","targetHints":{"allow":["GET"]}}],"collection":[{"href":"https:\/\/amandinesergeant.be\/index.php\/wp-json\/wp\/v2\/pages"}],"about":[{"href":"https:\/\/amandinesergeant.be\/index.php\/wp-json\/wp\/v2\/types\/page"}],"author":[{"embeddable":true,"href":"https:\/\/amandinesergeant.be\/index.php\/wp-json\/wp\/v2\/users\/1"}],"replies":[{"embeddable":true,"href":"https:\/\/amandinesergeant.be\/index.php\/wp-json\/wp\/v2\/comments?post=12"}],"version-history":[{"count":34,"href":"https:\/\/amandinesergeant.be\/index.php\/wp-json\/wp\/v2\/pages\/12\/revisions"}],"predecessor-version":[{"id":732,"href":"https:\/\/amandinesergeant.be\/index.php\/wp-json\/wp\/v2\/pages\/12\/revisions\/732"}],"wp:attachment":[{"href":"https:\/\/amandinesergeant.be\/index.php\/wp-json\/wp\/v2\/media?parent=12"}],"curies":[{"name":"wp","href":"https:\/\/api.w.org\/{rel}","templated":true}]}}